{"id":29,"date":"2021-09-29T16:51:02","date_gmt":"2021-09-29T16:51:02","guid":{"rendered":"https:\/\/educacion.nayarit.gob.mx\/?page_id=29"},"modified":"2023-01-10T12:07:26","modified_gmt":"2023-01-10T19:07:26","slug":"mision","status":"publish","type":"page","link":"https:\/\/educa.nayarit.gob.mx\/?page_id=29","title":{"rendered":"Misi\u00f3n"},"content":{"rendered":"\n<hr class=\"wp-block-separator\"\/>\n\n\n\n<p><\/p>\n\n\n\n<figure class=\"wp-block-image size-full\"><img loading=\"lazy\" width=\"1003\" height=\"260\" src=\"https:\/\/educacion.nayarit.gob.mx\/wp-content\/uploads\/2023\/01\/estudiantes-sup-mision.jpg\" alt=\"\" class=\"wp-image-3938\" srcset=\"https:\/\/educa.nayarit.gob.mx\/wp-content\/uploads\/2023\/01\/estudiantes-sup-mision.jpg 1003w, https:\/\/educa.nayarit.gob.mx\/wp-content\/uploads\/2023\/01\/estudiantes-sup-mision-300x78.jpg 300w, https:\/\/educa.nayarit.gob.mx\/wp-content\/uploads\/2023\/01\/estudiantes-sup-mision-768x199.jpg 768w\" sizes=\"(max-width: 1003px) 100vw, 1003px\" \/><\/figure>\n\n\n\n<p><\/p>\n\n\n\n<p><span style=\"font-size: large;\"><strong>Impulsar el desarrollo humano sustentable, integral y equitativo en todas sus regiones, al promover valores y elevar la calidad educativa, a trav\u00e9s de las pol\u00edticas p\u00fablicas, programas, proyectos, acciones e inversiones en los niveles de Educaci\u00f3n B\u00e1sica, Media Superior, Superior e Investigaci\u00f3n Cient\u00edfica y Tecnol\u00f3gica, Arte y Cultura, Deporte y Juventud y hacer de la Educaci\u00f3n el factor fundamental del desarrollo de Nayarit.<\/strong><\/span><\/p>\n\n\n\n<p><\/p>\n\n\n\n<hr class=\"wp-block-separator is-style-wide\"\/>\n\n\n\n<p><\/p>\n","protected":false},"excerpt":{"rendered":"<p>Impulsar el desarrollo humano sustentable, integral y equitativo en todas sus regiones, al promover valores y elevar la calidad educativa, a trav\u00e9s de las pol\u00edticas p\u00fablicas, programas, proyectos, acciones e inversiones en los niveles de Educaci\u00f3n B\u00e1sica, Media Superior, Superior e Investigaci\u00f3n Cient\u00edfica y Tecnol\u00f3gica, Arte y Cultura, Deporte y Juventud y hacer de la [&hellip;]<\/p>\n","protected":false},"author":1,"featured_media":0,"parent":0,"menu_order":0,"comment_status":"closed","ping_status":"closed","template":"","meta":[],"_links":{"self":[{"href":"https:\/\/educa.nayarit.gob.mx\/index.php?rest_route=\/wp\/v2\/pages\/29"}],"collection":[{"href":"https:\/\/educa.nayarit.gob.mx\/index.php?rest_route=\/wp\/v2\/pages"}],"about":[{"href":"https:\/\/educa.nayarit.gob.mx\/index.php?rest_route=\/wp\/v2\/types\/page"}],"author":[{"embeddable":true,"href":"https:\/\/educa.nayarit.gob.mx\/index.php?rest_route=\/wp\/v2\/users\/1"}],"replies":[{"embeddable":true,"href":"https:\/\/educa.nayarit.gob.mx\/index.php?rest_route=%2Fwp%2Fv2%2Fcomments&post=29"}],"version-history":[{"count":1,"href":"https:\/\/educa.nayarit.gob.mx\/index.php?rest_route=\/wp\/v2\/pages\/29\/revisions"}],"predecessor-version":[{"id":3940,"href":"https:\/\/educa.nayarit.gob.mx\/index.php?rest_route=\/wp\/v2\/pages\/29\/revisions\/3940"}],"wp:attachment":[{"href":"https:\/\/educa.nayarit.gob.mx\/index.php?rest_route=%2Fwp%2Fv2%2Fmedia&parent=29"}],"curies":[{"name":"wp","href":"https:\/\/api.w.org\/{rel}","templated":true}]}}