{"id":5032,"date":"2023-06-01T11:47:37","date_gmt":"2023-06-01T17:47:37","guid":{"rendered":"https:\/\/educacion.nayarit.gob.mx\/?page_id=5032"},"modified":"2024-09-03T14:44:41","modified_gmt":"2024-09-03T20:44:41","slug":"archivos-de-descarga","status":"publish","type":"page","link":"https:\/\/educa.nayarit.gob.mx\/?page_id=5032","title":{"rendered":"Solicitud de Dictamen de Bienes Tecnol\u00f3gicos"},"content":{"rendered":"\n<div class=\"wp-block-image\"><figure class=\"aligncenter size-large\"><img loading=\"lazy\" width=\"1024\" height=\"379\" src=\"https:\/\/educacion.nayarit.gob.mx\/wp-content\/uploads\/2024\/01\/2024-1-4_formularioGoogle2024-1024x379.png\" alt=\"\" class=\"wp-image-6504\" srcset=\"https:\/\/educa.nayarit.gob.mx\/wp-content\/uploads\/2024\/01\/2024-1-4_formularioGoogle2024-1024x379.png 1024w, https:\/\/educa.nayarit.gob.mx\/wp-content\/uploads\/2024\/01\/2024-1-4_formularioGoogle2024-300x111.png 300w, https:\/\/educa.nayarit.gob.mx\/wp-content\/uploads\/2024\/01\/2024-1-4_formularioGoogle2024-768x284.png 768w, https:\/\/educa.nayarit.gob.mx\/wp-content\/uploads\/2024\/01\/2024-1-4_formularioGoogle2024.png 1280w\" sizes=\"(max-width: 1024px) 100vw, 1024px\" \/><figcaption>Formato oficial<\/figcaption><\/figure><\/div>\n\n\n\n<ol><li>Accede al enlace proporcionado para descargar el archivo de Word.<\/li><li>Una vez descargado el archivo, \u00e1brelo en Microsoft Word u otro software compatible.<\/li><li>Aseg\u00farate de tener instaladas las fuentes de letra correctas. Los encabezados deben utilizar la fuente &#8220;Gotham&#8221;, mientras que el cuerpo del texto debe utilizar la fuente &#8220;Montserrat&#8221;.<\/li><li>Revisa el encabezado y el pie de p\u00e1gina del documento. Aseg\u00farate de que los logotipos correspondientes est\u00e9n correctamente ubicados en ambos lugares.<\/li><li>Rellena el documento con los datos correctos seg\u00fan las instrucciones proporcionadas.<\/li><li>Verifica cuidadosamente que todos los datos est\u00e9n completos y correctos.<\/li><li>Guarda los cambios realizados en el archivo.<\/li><li>Imprime una copia del documento.<\/li><li>Firma el documento impreso.<\/li><li>Dirigirse al departamento de Tecnolog\u00edas de la Informaci\u00f3n y Comunicaci\u00f3n de la Educaci\u00f3n, ubicado en Av. del Parque Esq. Av. de la Cultura S\/N Fraccionamiento Ciudad del Valle. C.P 63157 Tepic, Nayarit.<\/li><li>Entrega personalmente el documento impreso y firmado al departamento mencionado.<\/li><\/ol>\n\n\n\n<h5>Recuerda asegurarte de que todos los pasos se realicen correctamente para cumplir con los requisitos establecidos.<\/h5>\n\n\n\n<h3>IMPORTANTE: <\/h3>\n\n\n\n<h4>Los centros educativos pertenecientes a la Secretar\u00eda de Educaci\u00f3n, deber\u00e1n integrar fotograf\u00edas recientes y legibles (deber\u00e1 ser visible el n\u00famero de inventario). Sin excepci\u00f3n debe anexar c\u00e9dulas y vales de resguardo \u00daNICAMENTE de los equipos a dictaminar.<\/h4>\n\n\n\n<h4>En el caso de las oficinas centrales de la Secretar\u00eda de Educaci\u00f3n es importante nos apoyen en traer los equipos de c\u00f3mputo y tecnol\u00f3gico anexar c\u00e9dulas y vales de resguardo \u00daNICAMENTE de los equipos a dictaminar. <\/h4>\n\n\n\n<div class=\"wp-block-image\"><figure class=\"aligncenter size-full is-resized\"><a href=\"https:\/\/educacion.nayarit.gob.mx\/archivos\/tice\/FormatoOficialDeOficiosDeBienesElectronicos.docx\"><img loading=\"lazy\" src=\"https:\/\/educacion.nayarit.gob.mx\/wp-content\/uploads\/2023\/06\/Microsoft_Office_Word_2019\u2013present.svg.jpg\" alt=\"\" class=\"wp-image-5040\" width=\"250\" height=\"233\" srcset=\"https:\/\/educa.nayarit.gob.mx\/wp-content\/uploads\/2023\/06\/Microsoft_Office_Word_2019\u2013present.svg.jpg 500w, https:\/\/educa.nayarit.gob.mx\/wp-content\/uploads\/2023\/06\/Microsoft_Office_Word_2019\u2013present.svg-300x279.jpg 300w\" sizes=\"(max-width: 250px) 100vw, 250px\" \/><\/a><figcaption>Formato Oficial de Oficios de Bienes Tecnol\u00f3gicos<\/figcaption><\/figure><\/div>\n","protected":false},"excerpt":{"rendered":"<p>Accede al enlace proporcionado para descargar el archivo de Word. Una vez descargado el archivo, \u00e1brelo en Microsoft Word u otro software compatible. Aseg\u00farate de tener instaladas las fuentes de letra correctas. Los encabezados deben utilizar la fuente &#8220;Gotham&#8221;, mientras que el cuerpo del texto debe utilizar la fuente &#8220;Montserrat&#8221;. Revisa el encabezado y el [&hellip;]<\/p>\n","protected":false},"author":1,"featured_media":0,"parent":0,"menu_order":0,"comment_status":"closed","ping_status":"closed","template":"","meta":[],"_links":{"self":[{"href":"https:\/\/educa.nayarit.gob.mx\/index.php?rest_route=\/wp\/v2\/pages\/5032"}],"collection":[{"href":"https:\/\/educa.nayarit.gob.mx\/index.php?rest_route=\/wp\/v2\/pages"}],"about":[{"href":"https:\/\/educa.nayarit.gob.mx\/index.php?rest_route=\/wp\/v2\/types\/page"}],"author":[{"embeddable":true,"href":"https:\/\/educa.nayarit.gob.mx\/index.php?rest_route=\/wp\/v2\/users\/1"}],"replies":[{"embeddable":true,"href":"https:\/\/educa.nayarit.gob.mx\/index.php?rest_route=%2Fwp%2Fv2%2Fcomments&post=5032"}],"version-history":[{"count":18,"href":"https:\/\/educa.nayarit.gob.mx\/index.php?rest_route=\/wp\/v2\/pages\/5032\/revisions"}],"predecessor-version":[{"id":6911,"href":"https:\/\/educa.nayarit.gob.mx\/index.php?rest_route=\/wp\/v2\/pages\/5032\/revisions\/6911"}],"wp:attachment":[{"href":"https:\/\/educa.nayarit.gob.mx\/index.php?rest_route=%2Fwp%2Fv2%2Fmedia&parent=5032"}],"curies":[{"name":"wp","href":"https:\/\/api.w.org\/{rel}","templated":true}]}}