{"id":51,"date":"2021-09-29T17:06:40","date_gmt":"2021-09-29T17:06:40","guid":{"rendered":"https:\/\/educacion.nayarit.gob.mx\/?page_id=51"},"modified":"2023-01-10T12:09:13","modified_gmt":"2023-01-10T19:09:13","slug":"vision","status":"publish","type":"page","link":"https:\/\/educa.nayarit.gob.mx\/?page_id=51","title":{"rendered":"Visi\u00f3n"},"content":{"rendered":"\n<hr class=\"wp-block-separator\"\/>\n\n\n\n<figure class=\"wp-block-image size-full\"><img loading=\"lazy\" width=\"1003\" height=\"260\" src=\"https:\/\/educacion.nayarit.gob.mx\/wp-content\/uploads\/2023\/01\/ninna-primaria-vision.jpg\" alt=\"\" class=\"wp-image-3941\" srcset=\"https:\/\/educa.nayarit.gob.mx\/wp-content\/uploads\/2023\/01\/ninna-primaria-vision.jpg 1003w, https:\/\/educa.nayarit.gob.mx\/wp-content\/uploads\/2023\/01\/ninna-primaria-vision-300x78.jpg 300w, https:\/\/educa.nayarit.gob.mx\/wp-content\/uploads\/2023\/01\/ninna-primaria-vision-768x199.jpg 768w\" sizes=\"(max-width: 1003px) 100vw, 1003px\" \/><\/figure>\n\n\n\n<p><strong>Ser un Organismo Estatal que coordina los sistemas de Educaci\u00f3n B\u00e1sica, Media Superior, Superior e Investigaci\u00f3n Cient\u00edfica y Tecnol\u00f3gica, Arte y Cultura, Deporte y Juventud del Estado de Nayarit, con base en los planes Estatal y Nacional de desarrollo y los programas y proyectos estrat\u00e9gicos que de ellos emanen, basados en los principios de respeto entre \u00f3rdenes de gobierno y hacia la autonom\u00eda de los subsistemas y las instituciones de Educaci\u00f3n en el Estado.<\/strong><\/p>\n\n\n\n<hr class=\"wp-block-separator\"\/>\n","protected":false},"excerpt":{"rendered":"<p>Ser un Organismo Estatal que coordina los sistemas de Educaci\u00f3n B\u00e1sica, Media Superior, Superior e Investigaci\u00f3n Cient\u00edfica y Tecnol\u00f3gica, Arte y Cultura, Deporte y Juventud del Estado de Nayarit, con base en los planes Estatal y Nacional de desarrollo y los programas y proyectos estrat\u00e9gicos que de ellos emanen, basados en los principios de respeto [&hellip;]<\/p>\n","protected":false},"author":1,"featured_media":0,"parent":0,"menu_order":0,"comment_status":"closed","ping_status":"closed","template":"","meta":[],"_links":{"self":[{"href":"https:\/\/educa.nayarit.gob.mx\/index.php?rest_route=\/wp\/v2\/pages\/51"}],"collection":[{"href":"https:\/\/educa.nayarit.gob.mx\/index.php?rest_route=\/wp\/v2\/pages"}],"about":[{"href":"https:\/\/educa.nayarit.gob.mx\/index.php?rest_route=\/wp\/v2\/types\/page"}],"author":[{"embeddable":true,"href":"https:\/\/educa.nayarit.gob.mx\/index.php?rest_route=\/wp\/v2\/users\/1"}],"replies":[{"embeddable":true,"href":"https:\/\/educa.nayarit.gob.mx\/index.php?rest_route=%2Fwp%2Fv2%2Fcomments&post=51"}],"version-history":[{"count":1,"href":"https:\/\/educa.nayarit.gob.mx\/index.php?rest_route=\/wp\/v2\/pages\/51\/revisions"}],"predecessor-version":[{"id":3943,"href":"https:\/\/educa.nayarit.gob.mx\/index.php?rest_route=\/wp\/v2\/pages\/51\/revisions\/3943"}],"wp:attachment":[{"href":"https:\/\/educa.nayarit.gob.mx\/index.php?rest_route=%2Fwp%2Fv2%2Fmedia&parent=51"}],"curies":[{"name":"wp","href":"https:\/\/api.w.org\/{rel}","templated":true}]}}