{"id":60,"date":"2021-09-29T17:08:57","date_gmt":"2021-09-29T17:08:57","guid":{"rendered":"https:\/\/educacion.nayarit.gob.mx\/?page_id=60"},"modified":"2021-12-02T20:41:00","modified_gmt":"2021-12-02T20:41:00","slug":"ley-general-de-educacion-superior","status":"publish","type":"page","link":"https:\/\/educa.nayarit.gob.mx\/?page_id=60","title":{"rendered":"Ley General de Educaci\u00f3n Superior"},"content":{"rendered":"\n\n\n<p><strong><span style=\"color:#b5818a\" class=\"has-inline-color\">Proceso de consulta nacional del Anteproyecto de la Ley General de Educaci\u00f3n Superior<\/span><\/strong><\/p>\n\n\n\n<hr class=\"wp-block-separator\"\/>\n\n\n\n<p><strong><span style=\"color:#790726\" class=\"has-inline-color\">Foro de Consulta Estatal de Educaci\u00f3n Superior<\/span><\/strong><\/p>\n\n\n\n<div class=\"wp-block-columns\">\n<div class=\"wp-block-column\" style=\"flex-basis:66.66%\">\n<p><strong><span style=\"color:#790726\" class=\"has-inline-color\">Convocatoria para la Organizaci\u00f3n de los Foros Estatales de Consulta del Anteproyecto de la Ley General de Educaci\u00f3n Superior<\/span><\/strong><\/p>\n<\/div>\n\n\n\n<div class=\"wp-block-column\"><\/div>\n\n\n\n<div class=\"wp-block-column\" style=\"flex-basis:33.33%\">\n<div class=\"wp-block-image\"><figure class=\"alignright size-full is-resized\"><a href=\"https:\/\/educacion.nayarit.gob.mx\/anteproyecto_ley_general_educacion_superior\/archivos\/convocatoria_anteproyecto_ley_educacion_superior.pdf\"><img loading=\"lazy\" src=\"http:\/\/localhost\/wordpress\/wp-content\/uploads\/2021\/10\/pdf.png\" alt=\"\" class=\"wp-image-214\" width=\"39\" height=\"44\"\/><\/a><\/figure><\/div>\n\n\n\n<div class=\"wp-block-image\"><figure class=\"alignright size-large\"><a href=\"https:\/\/educacion.nayarit.gob.mx\/anteproyecto_ley_general_educacion_superior\/archivos\/convocatoria_anteproyecto_ley_educacion_superior.pdf\"><img src=\"https:\/\/educacion.nayarit.gob.mx\/wp-content\/uploads\/2021\/10\/pdf_33_33.png\" alt=\"\"\/><\/a><\/figure><\/div>\n<\/div>\n<\/div>\n\n\n\n<div class=\"wp-block-columns\">\n<div class=\"wp-block-column\" style=\"flex-basis:66.66%\">\n<p><\/p>\n\n\n\n<p><strong><span style=\"color:#790726\" class=\"has-inline-color\">Anteproyecto  de Ley General de Educaci\u00f3n Superior<\/span><\/strong><\/p>\n<\/div>\n\n\n\n<div class=\"wp-block-column\" style=\"flex-basis:33.33%\">\n<div class=\"wp-block-image\"><figure class=\"alignright size-full is-resized\"><a href=\"https:\/\/educacion.nayarit.gob.mx\/anteproyecto_ley_general_educacion_superior\/archivos\/ANTEPROYECTO_LGES.pdf\"><img loading=\"lazy\" src=\"http:\/\/localhost\/wordpress\/wp-content\/uploads\/2021\/10\/pdf.png\" alt=\"\" class=\"wp-image-214\" width=\"39\" height=\"44\"\/><\/a><\/figure><\/div>\n\n\n\n<div class=\"wp-block-image\"><figure class=\"alignright size-large\"><a href=\"https:\/\/educacion.nayarit.gob.mx\/anteproyecto_ley_general_educacion_superior\/archivos\/ANTEPROYECTO_LGES.pdf\"><img src=\"https:\/\/educacion.nayarit.gob.mx\/wp-content\/uploads\/2021\/10\/pdf_33_33.png\" alt=\"\"\/><\/a><\/figure><\/div>\n<\/div>\n<\/div>\n\n\n\n<div class=\"wp-block-columns\">\n<div class=\"wp-block-column\" style=\"flex-basis:66.66%\">\n<p><\/p>\n\n\n\n<p><strong><span style=\"color:#790726\" class=\"has-inline-color\">Formulario de Registro<\/span><\/strong><\/p>\n<\/div>\n\n\n\n<div class=\"wp-block-column\" style=\"flex-basis:33.33%\">\n<div class=\"wp-block-image\"><figure class=\"alignright size-full is-resized\"><a href=\"https:\/\/docs.google.com\/forms\/d\/e\/1FAIpQLSdF6f8eXxnCIaES1BdS_4R4HwGRP7l6S8E2EBt9le8v6zL4TQ\/viewform\"><img loading=\"lazy\" src=\"http:\/\/localhost\/wordpress\/wp-content\/uploads\/2021\/10\/form.png\" alt=\"\" class=\"wp-image-219\" width=\"35\" height=\"36\"\/><\/a><\/figure><\/div>\n\n\n\n<div class=\"wp-block-image\"><figure class=\"alignright size-large is-resized\"><a href=\"https:\/\/docs.google.com\/forms\/d\/e\/1FAIpQLSdF6f8eXxnCIaES1BdS_4R4HwGRP7l6S8E2EBt9le8v6zL4TQ\/viewform?usp=sf_link\"><img loading=\"lazy\" src=\"https:\/\/educacion.nayarit.gob.mx\/wp-content\/uploads\/2021\/10\/form.png\" alt=\"\" width=\"33\" height=\"33\"\/><\/a><\/figure><\/div>\n<\/div>\n<\/div>\n\n\n\n<div class=\"wp-block-columns\">\n<div class=\"wp-block-column\" style=\"flex-basis:66.66%\">\n<p><\/p>\n\n\n\n<p><strong><span style=\"color:#790726\" class=\"has-inline-color\">Formato para An\u00e1lisis de Anteproyecto<\/span><\/strong><\/p>\n<\/div>\n\n\n\n<div class=\"wp-block-column\" style=\"flex-basis:33.33%\">\n<div class=\"wp-block-image\"><figure class=\"alignright size-full is-resized\"><a href=\"https:\/\/educacion.nayarit.gob.mx\/anteproyecto_ley_general_educacion_superior\/archivos\/CUADRO_COMPARATIVO_PARA_AN%C3%81LISIS_ANTEPROYECTO.docx\"><img loading=\"lazy\" src=\"http:\/\/localhost\/wordpress\/wp-content\/uploads\/2021\/10\/WORD1.png\" alt=\"\" class=\"wp-image-221\" width=\"40\" height=\"29\"\/><\/a><\/figure><\/div>\n\n\n\n<div class=\"wp-block-image\"><figure class=\"alignright size-large\"><a href=\"https:\/\/educacion.nayarit.gob.mx\/anteproyecto_ley_general_educacion_superior\/archivos\/CUADRO_COMPARATIVO_PARA_AN%C3%81LISIS_ANTEPROYECTO.docx\"><img src=\"https:\/\/educacion.nayarit.gob.mx\/wp-content\/uploads\/2021\/10\/word.png\" alt=\"\"\/><\/a><\/figure><\/div>\n<\/div>\n<\/div>\n\n\n\n<hr class=\"wp-block-separator\"\/>\n\n\n\n<p><\/p>\n","protected":false},"excerpt":{"rendered":"<p>Proceso de consulta nacional del Anteproyecto de la Ley General de Educaci\u00f3n Superior Foro de Consulta Estatal de Educaci\u00f3n Superior Convocatoria para la Organizaci\u00f3n de los Foros Estatales de Consulta del Anteproyecto de la Ley General de Educaci\u00f3n Superior Anteproyecto de Ley General de Educaci\u00f3n Superior Formulario de Registro Formato para An\u00e1lisis de Anteproyecto<\/p>\n","protected":false},"author":1,"featured_media":0,"parent":0,"menu_order":0,"comment_status":"closed","ping_status":"closed","template":"","meta":[],"_links":{"self":[{"href":"https:\/\/educa.nayarit.gob.mx\/index.php?rest_route=\/wp\/v2\/pages\/60"}],"collection":[{"href":"https:\/\/educa.nayarit.gob.mx\/index.php?rest_route=\/wp\/v2\/pages"}],"about":[{"href":"https:\/\/educa.nayarit.gob.mx\/index.php?rest_route=\/wp\/v2\/types\/page"}],"author":[{"embeddable":true,"href":"https:\/\/educa.nayarit.gob.mx\/index.php?rest_route=\/wp\/v2\/users\/1"}],"replies":[{"embeddable":true,"href":"https:\/\/educa.nayarit.gob.mx\/index.php?rest_route=%2Fwp%2Fv2%2Fcomments&post=60"}],"version-history":[{"count":0,"href":"https:\/\/educa.nayarit.gob.mx\/index.php?rest_route=\/wp\/v2\/pages\/60\/revisions"}],"wp:attachment":[{"href":"https:\/\/educa.nayarit.gob.mx\/index.php?rest_route=%2Fwp%2Fv2%2Fmedia&parent=60"}],"curies":[{"name":"wp","href":"https:\/\/api.w.org\/{rel}","templated":true}]}}