{"id":62,"date":"2021-09-29T17:09:31","date_gmt":"2021-09-29T17:09:31","guid":{"rendered":"https:\/\/educacion.nayarit.gob.mx\/?page_id=62"},"modified":"2022-06-01T15:30:27","modified_gmt":"2022-06-01T15:30:27","slug":"programas-de-la-reforma-educativa","status":"publish","type":"page","link":"https:\/\/educa.nayarit.gob.mx\/?page_id=62","title":{"rendered":"Programas de la Reforma Educativa"},"content":{"rendered":"<p><a href=\"\">Informe de Cierre 2017-2018 Nayarit Final<\/a><\/p>\n<style>.elementor-225 .elementor-element.elementor-element-02785b8{text-align:center;}.elementor-225 .elementor-element.elementor-element-fc4eb40{text-align:center;}.elementor-225 .elementor-element.elementor-element-4e03f03{text-align:center;}.elementor-225 .elementor-element.elementor-element-56c01ea{text-align:center;}<\/style>\n<section data-id=\"23777fe\" data-element_type=\"section\">Resumen<p><\/p>\n<p><a href=\"https:\/\/educacion.nayarit.gob.mx\/archivos\/PROGRAMA_REFORMA_EDUCATIVA\/INFORME_DE_CIERRE.xlsx\"><br>\n<img width=\"33\" height=\"33\" src=\"http:\/\/192.168.200.121\/wordpress\/wp-content\/uploads\/2021\/10\/excel_33_33.png\" alt=\"\" loading=\"lazy\">\t\t\t\t\t\t\t\t<\/a><br>\n<a href=\"https:\/\/educacion.nayarit.gob.mx\/archivos\/PROGRAMA_REFORMA_EDUCATIVA\/INFORME_DE_CIERRE.pdf\"><br>\n<img width=\"33\" height=\"33\" src=\"http:\/\/192.168.200.121\/wordpress\/wp-content\/uploads\/2021\/10\/pdf_33_33.png\" alt=\"\" loading=\"lazy\">\t\t\t\t\t\t\t\t<\/a>\n<\/p>\n<\/section>\n<section data-id=\"5365b9b\" data-element_type=\"section\">Informe Detallado C2<p><\/p>\n<p><a href=\"https:\/\/educacion.nayarit.gob.mx\/archivos\/PROGRAMA_REFORMA_EDUCATIVA\/COMPONENTE_2_CICLO_ESCOLAR_2017-2018.xlsx\"><br>\n<img width=\"33\" height=\"33\" src=\"http:\/\/192.168.200.121\/wordpress\/wp-content\/uploads\/2021\/10\/excel_33_33.png\" alt=\"\" loading=\"lazy\">\t\t\t\t\t\t\t\t<\/a><br>\n<a href=\"https:\/\/educacion.nayarit.gob.mx\/archivos\/PROGRAMA_REFORMA_EDUCATIVA\/COMPONENTE_2_CICLO_ESCOLAR_2017-2018.pdf\"><br>\n<img width=\"33\" height=\"33\" src=\"http:\/\/192.168.200.121\/wordpress\/wp-content\/uploads\/2021\/10\/pdf_33_33.png\" alt=\"\" loading=\"lazy\">\t\t\t\t\t\t\t\t<\/a>\n<\/p>\n<\/section>\n<section data-id=\"6e35950\" data-element_type=\"section\">Informe Detallado Supervisores<p><\/p>\n<p><a href=\"https:\/\/educacion.nayarit.gob.mx\/archivos\/PROGRAMA_REFORMA_EDUCATIVA\/FONDO_CONCURSABLE.xlsx\"><br>\n<img width=\"33\" height=\"33\" src=\"http:\/\/192.168.200.121\/wordpress\/wp-content\/uploads\/2021\/10\/excel_33_33.png\" alt=\"\" loading=\"lazy\">\t\t\t\t\t\t\t\t<\/a><br>\n<a href=\"https:\/\/educacion.nayarit.gob.mx\/archivos\/PROGRAMA_REFORMA_EDUCATIVA\/FONDO_CONCURSABLE.pdf\"><br>\n<img width=\"33\" height=\"33\" src=\"http:\/\/192.168.200.121\/wordpress\/wp-content\/uploads\/2021\/10\/pdf_33_33.png\" alt=\"\" loading=\"lazy\">\t\t\t\t\t\t\t\t<\/a>\n<\/p>\n<\/section>\n<section data-id=\"77d7552\" data-element_type=\"section\">Informe Detallado Fondo Concursable<p><\/p>\n<p><a href=\"https:\/\/educacion.nayarit.gob.mx\/archivos\/PROGRAMA_REFORMA_EDUCATIVA\/FONDO_CONCURSABLE.xlsx\"><br>\n<img width=\"33\" height=\"33\" src=\"http:\/\/192.168.200.121\/wordpress\/wp-content\/uploads\/2021\/10\/excel_33_33.png\" alt=\"\" loading=\"lazy\">\t\t\t\t\t\t\t\t<\/a><br>\n<a href=\"https:\/\/educacion.nayarit.gob.mx\/archivos\/PROGRAMA_REFORMA_EDUCATIVA\/FONDO_CONCURSABLE.pdf\"><br>\n<img width=\"33\" height=\"33\" src=\"http:\/\/192.168.200.121\/wordpress\/wp-content\/uploads\/2021\/10\/pdf_33_33.png\" alt=\"\" loading=\"lazy\">\t\t\t\t\t\t\t\t<\/a>\n<\/p>\n<\/section>\n<p>\t\t\t\t\t\t\t\t\t\t\t\t<a href=\"\">Informe de Cierre 2018-2018 Nayarit<\/a><\/p>\n<style><\/style>\n<section data-id=\"e15de9d\" data-element_type=\"section\">Resumen<p><\/p>\n<p><a href=\"https:\/\/educacion.nayarit.gob.mx\/archivos\/PROGRAMA_REFORMA_EDUCATIVA\/CIERRE_DE_CICLO_ESCOLAR_2018-2019\/INFORME_RESUMEN_GENERAL.xlsx\"><br>\n<img width=\"33\" height=\"33\" src=\"http:\/\/192.168.200.121\/wordpress\/wp-content\/uploads\/2021\/10\/excel_33_33.png\" alt=\"\" loading=\"lazy\">\t\t\t\t\t\t\t\t<\/a><br>\n<a href=\"https:\/\/educacion.nayarit.gob.mx\/archivos\/PROGRAMA_REFORMA_EDUCATIVA\/CIERRE_DE_CICLO_ESCOLAR_2018-2019\/INFORME_RESUMEN_GENERAL.pdf\"><br>\n<img width=\"33\" height=\"33\" src=\"http:\/\/192.168.200.121\/wordpress\/wp-content\/uploads\/2021\/10\/pdf_33_33.png\" alt=\"\" loading=\"lazy\">\t\t\t\t\t\t\t\t<\/a>\n<\/p>\n<\/section>\n<section data-id=\"553d49c\" data-element_type=\"section\">Informe Detallado C2<p><\/p>\n<p><a href=\"https:\/\/educacion.nayarit.gob.mx\/archivos\/PROGRAMA_REFORMA_EDUCATIVA\/CIERRE_DE_CICLO_ESCOLAR_2018-2019\/INFORME_DETALLADO_C2.xlsx\"><br>\n<img width=\"33\" height=\"33\" src=\"http:\/\/192.168.200.121\/wordpress\/wp-content\/uploads\/2021\/10\/excel_33_33.png\" alt=\"\" loading=\"lazy\">\t\t\t\t\t\t\t\t<\/a><br>\n<a href=\"https:\/\/educacion.nayarit.gob.mx\/archivos\/PROGRAMA_REFORMA_EDUCATIVA\/CIERRE_DE_CICLO_ESCOLAR_2018-2019\/INFORME_DETALLADO_C2.pdf\"><br>\n<img width=\"33\" height=\"33\" src=\"http:\/\/192.168.200.121\/wordpress\/wp-content\/uploads\/2021\/10\/pdf_33_33.png\" alt=\"\" loading=\"lazy\">\t\t\t\t\t\t\t\t<\/a>\n<\/p>\n<\/section>\n<section data-id=\"13ae72c\" data-element_type=\"section\">Informe Detallado C3<p><\/p>\n<p><a href=\"https:\/\/educacion.nayarit.gob.mx\/archivos\/PROGRAMA_REFORMA_EDUCATIVA\/CIERRE_DE_CICLO_ESCOLAR_2018-2019\/INFORME_DETALLADO_C3.xlsx\"><br>\n<img width=\"33\" height=\"33\" src=\"http:\/\/192.168.200.121\/wordpress\/wp-content\/uploads\/2021\/10\/excel_33_33.png\" alt=\"\" loading=\"lazy\">\t\t\t\t\t\t\t\t<\/a><br>\n<a href=\"https:\/\/educacion.nayarit.gob.mx\/archivos\/PROGRAMA_REFORMA_EDUCATIVA\/CIERRE_DE_CICLO_ESCOLAR_2018-2019\/INFORME_DETALLADO_C3.pdf\"><br>\n<img width=\"33\" height=\"33\" src=\"http:\/\/192.168.200.121\/wordpress\/wp-content\/uploads\/2021\/10\/pdf_33_33.png\" alt=\"\" loading=\"lazy\">\t\t\t\t\t\t\t\t<\/a>\n<\/p>\n<\/section>\n<p>Nayarit Base Final Diplomado Supervisores 20_08_2018<\/p>\n<p><a href=\"https:\/\/educacion.nayarit.gob.mx\/archivos\/PROGRAMA_REFORMA_EDUCATIVA\/NAYARIT_BASE_FINAL_DIPLOMADO_SUPERVISORES_20_08_2018.pdf\"><br>\n<img width=\"33\" height=\"33\" src=\"http:\/\/192.168.200.121\/wordpress\/wp-content\/uploads\/2021\/10\/pdf_33_33.png\" alt=\"\" loading=\"lazy\">\t\t\t\t\t\t\t\t<\/a><\/p>\n<p>Escuelas Beneficiadas Ciclo Escolar 2018-2019<\/p>\n<p><a href=\"https:\/\/educacion.nayarit.gob.mx\/archivos\/PROGRAMA_REFORMA_EDUCATIVA\/Programa_Reforma_educativa-escuelas_beneficiadas_2018-2019.pdf\"><br>\n<img width=\"33\" height=\"33\" src=\"http:\/\/192.168.200.121\/wordpress\/wp-content\/uploads\/2021\/10\/pdf_33_33.png\" alt=\"\" loading=\"lazy\">\t\t\t\t\t\t\t\t<\/a><\/p>\n<p>Supervisores Beneficiados Ciclo Escolar 2018-2019<\/p>\n<p><a href=\"https:\/\/educacion.nayarit.gob.mx\/archivos\/PROGRAMA_REFORMA_EDUCATIVA\/18_Nay_Sup_Final_040919.pdf\"><br>\n<img width=\"33\" height=\"33\" src=\"http:\/\/192.168.200.121\/wordpress\/wp-content\/uploads\/2021\/10\/pdf_33_33.png\" alt=\"\" loading=\"lazy\">\t\t\t\t\t\t\t\t<\/a><\/p>\n<p>Relaci\u00f3n de Planteles Educativos Sustituyen a Escuelas<\/p>\n<p><a href=\"https:\/\/educacion.nayarit.gob.mx\/archivos\/PROGRAMA_REFORMA_EDUCATIVA\/RELACION_DE_ESCUELAS_SUSTITUYEN.pdf\"><br>\n<img width=\"33\" height=\"33\" src=\"http:\/\/192.168.200.121\/wordpress\/wp-content\/uploads\/2021\/10\/pdf_33_33.png\" alt=\"\" loading=\"lazy\">\t\t\t\t\t\t\t\t<\/a><\/p>\n<p>Relaci\u00f3n de Planteles Educativos Baja por Sustituci\u00f3n Extempor\u00e1nea<\/p>\n<p><a href=\"https:\/\/educacion.nayarit.gob.mx\/archivos\/PROGRAMA_REFORMA_EDUCATIVA\/RELACION_ESCUELAS_BAJA_SUSTITUCION.pdf\"><br>\n<img width=\"33\" height=\"33\" src=\"http:\/\/192.168.200.121\/wordpress\/wp-content\/uploads\/2021\/10\/pdf_33_33.png\" alt=\"\" loading=\"lazy\">\t\t\t\t\t\t\t\t<\/a><\/p>\n\n\n<h2><\/h2>\n\n\n\n<h2><\/h2>\n\n\n\n<h2><\/h2>\n\n\n\n<h2><\/h2>\n\n\n\n<h2><\/h2>\n\n\n\n<h2><\/h2>\n\n\n\n<h2><\/h2>\n\n\n\n<h2><\/h2>\n","protected":false},"excerpt":{"rendered":"<p>Informe de Cierre 2017-2018 Nayarit Final Resumen Informe Detallado C2 Informe Detallado Supervisores Informe Detallado Fondo Concursable Informe de Cierre 2018-2018 Nayarit Resumen Informe Detallado C2 Informe Detallado C3 Nayarit Base Final Diplomado Supervisores 20_08_2018 Escuelas Beneficiadas Ciclo Escolar 2018-2019 Supervisores Beneficiados Ciclo Escolar 2018-2019 Relaci\u00f3n de Planteles Educativos Sustituyen a Escuelas Relaci\u00f3n de Planteles [&hellip;]<\/p>\n","protected":false},"author":1,"featured_media":0,"parent":0,"menu_order":0,"comment_status":"closed","ping_status":"closed","template":"","meta":[],"_links":{"self":[{"href":"https:\/\/educa.nayarit.gob.mx\/index.php?rest_route=\/wp\/v2\/pages\/62"}],"collection":[{"href":"https:\/\/educa.nayarit.gob.mx\/index.php?rest_route=\/wp\/v2\/pages"}],"about":[{"href":"https:\/\/educa.nayarit.gob.mx\/index.php?rest_route=\/wp\/v2\/types\/page"}],"author":[{"embeddable":true,"href":"https:\/\/educa.nayarit.gob.mx\/index.php?rest_route=\/wp\/v2\/users\/1"}],"replies":[{"embeddable":true,"href":"https:\/\/educa.nayarit.gob.mx\/index.php?rest_route=%2Fwp%2Fv2%2Fcomments&post=62"}],"version-history":[{"count":1,"href":"https:\/\/educa.nayarit.gob.mx\/index.php?rest_route=\/wp\/v2\/pages\/62\/revisions"}],"predecessor-version":[{"id":4470,"href":"https:\/\/educa.nayarit.gob.mx\/index.php?rest_route=\/wp\/v2\/pages\/62\/revisions\/4470"}],"wp:attachment":[{"href":"https:\/\/educa.nayarit.gob.mx\/index.php?rest_route=%2Fwp%2Fv2%2Fmedia&parent=62"}],"curies":[{"name":"wp","href":"https:\/\/api.w.org\/{rel}","templated":true}]}}