{"id":6734,"date":"2024-05-29T13:26:42","date_gmt":"2024-05-29T19:26:42","guid":{"rendered":"https:\/\/educacion.nayarit.gob.mx\/?page_id=6734"},"modified":"2025-10-22T10:23:47","modified_gmt":"2025-10-22T16:23:47","slug":"tiendas-escolares","status":"publish","type":"page","link":"https:\/\/educa.nayarit.gob.mx\/?page_id=6734","title":{"rendered":"TIENDAS ESCOLARES"},"content":{"rendered":"\n<div class=\"wp-block-columns\">\n<div class=\"wp-block-column\">\n<figure class=\"wp-block-image size-full is-resized\"><a href=\"https:\/\/educacion.nayarit.gob.mx\/archivos\/tiendasescolares\/convocatoria_Tienditas_Escolares_2025-2026.pdf\" target=\"_blank\" rel=\"noopener\"><img loading=\"lazy\" src=\"https:\/\/educacion.nayarit.gob.mx\/wp-content\/uploads\/2024\/05\/pdf-file-download-simple-icon-vector-8395614-2.jpg\" alt=\"\" class=\"wp-image-6737\" width=\"250\" height=\"250\" srcset=\"https:\/\/educa.nayarit.gob.mx\/wp-content\/uploads\/2024\/05\/pdf-file-download-simple-icon-vector-8395614-2.jpg 1000w, https:\/\/educa.nayarit.gob.mx\/wp-content\/uploads\/2024\/05\/pdf-file-download-simple-icon-vector-8395614-2-300x300.jpg 300w, https:\/\/educa.nayarit.gob.mx\/wp-content\/uploads\/2024\/05\/pdf-file-download-simple-icon-vector-8395614-2-150x150.jpg 150w, https:\/\/educa.nayarit.gob.mx\/wp-content\/uploads\/2024\/05\/pdf-file-download-simple-icon-vector-8395614-2-768x768.jpg 768w\" sizes=\"(max-width: 250px) 100vw, 250px\" \/><\/a><figcaption>CONVOCATORIA TIENDAS ESCOLARES 2025-2026<\/figcaption><\/figure>\n<\/div>\n\n\n\n<div class=\"wp-block-column\">\n<figure class=\"wp-block-image size-full is-resized\"><a href=\"https:\/\/educacion.nayarit.gob.mx\/archivos\/tiendasescolares\/CONTRATO_PRESTACIO%CC%81N_SERVICIO_TIENDAS_ESCOLARES.pdf\" target=\"_blank\" rel=\"noopener\"><img loading=\"lazy\" src=\"https:\/\/educacion.nayarit.gob.mx\/wp-content\/uploads\/2024\/05\/pdf-file-download-simple-icon-vector-8395614-2.jpg\" alt=\"\" class=\"wp-image-6737\" width=\"250\" height=\"250\" srcset=\"https:\/\/educa.nayarit.gob.mx\/wp-content\/uploads\/2024\/05\/pdf-file-download-simple-icon-vector-8395614-2.jpg 1000w, https:\/\/educa.nayarit.gob.mx\/wp-content\/uploads\/2024\/05\/pdf-file-download-simple-icon-vector-8395614-2-300x300.jpg 300w, https:\/\/educa.nayarit.gob.mx\/wp-content\/uploads\/2024\/05\/pdf-file-download-simple-icon-vector-8395614-2-150x150.jpg 150w, https:\/\/educa.nayarit.gob.mx\/wp-content\/uploads\/2024\/05\/pdf-file-download-simple-icon-vector-8395614-2-768x768.jpg 768w\" sizes=\"(max-width: 250px) 100vw, 250px\" \/><\/a><figcaption>CONTRATO PRESTACIO\u0301N SERVICIO TIENDAS ESCOLARES<\/figcaption><\/figure>\n<\/div>\n\n\n\n<div class=\"wp-block-column\">\n<figure class=\"wp-block-image size-full is-resized\"><a href=\"https:\/\/educacion.nayarit.gob.mx\/archivos\/tiendasescolares\/Acta%20de%20Instalaci%C3%B3n%20del%20Consejo%20de%20Participaci%C3%B3n.pdf\" target=\"_blank\" rel=\"noopener\"><img loading=\"lazy\" src=\"https:\/\/educacion.nayarit.gob.mx\/wp-content\/uploads\/2024\/05\/pdf-file-download-simple-icon-vector-8395614-2.jpg\" alt=\"\" class=\"wp-image-6737\" width=\"250\" height=\"250\" srcset=\"https:\/\/educa.nayarit.gob.mx\/wp-content\/uploads\/2024\/05\/pdf-file-download-simple-icon-vector-8395614-2.jpg 1000w, https:\/\/educa.nayarit.gob.mx\/wp-content\/uploads\/2024\/05\/pdf-file-download-simple-icon-vector-8395614-2-300x300.jpg 300w, https:\/\/educa.nayarit.gob.mx\/wp-content\/uploads\/2024\/05\/pdf-file-download-simple-icon-vector-8395614-2-150x150.jpg 150w, https:\/\/educa.nayarit.gob.mx\/wp-content\/uploads\/2024\/05\/pdf-file-download-simple-icon-vector-8395614-2-768x768.jpg 768w\" sizes=\"(max-width: 250px) 100vw, 250px\" \/><\/a><figcaption>ACTA DE SESI\u00d3N DE LA INSTALACI\u00d3N DEL CONSEJO DE ADMINISTRACI\u00d3N<\/figcaption><\/figure>\n\n\n\n<p><\/p>\n<\/div>\n<\/div>\n\n\n\n<p><\/p>\n","protected":false},"excerpt":{"rendered":"","protected":false},"author":1,"featured_media":0,"parent":0,"menu_order":0,"comment_status":"closed","ping_status":"closed","template":"","meta":[],"_links":{"self":[{"href":"https:\/\/educa.nayarit.gob.mx\/index.php?rest_route=\/wp\/v2\/pages\/6734"}],"collection":[{"href":"https:\/\/educa.nayarit.gob.mx\/index.php?rest_route=\/wp\/v2\/pages"}],"about":[{"href":"https:\/\/educa.nayarit.gob.mx\/index.php?rest_route=\/wp\/v2\/types\/page"}],"author":[{"embeddable":true,"href":"https:\/\/educa.nayarit.gob.mx\/index.php?rest_route=\/wp\/v2\/users\/1"}],"replies":[{"embeddable":true,"href":"https:\/\/educa.nayarit.gob.mx\/index.php?rest_route=%2Fwp%2Fv2%2Fcomments&post=6734"}],"version-history":[{"count":12,"href":"https:\/\/educa.nayarit.gob.mx\/index.php?rest_route=\/wp\/v2\/pages\/6734\/revisions"}],"predecessor-version":[{"id":7767,"href":"https:\/\/educa.nayarit.gob.mx\/index.php?rest_route=\/wp\/v2\/pages\/6734\/revisions\/7767"}],"wp:attachment":[{"href":"https:\/\/educa.nayarit.gob.mx\/index.php?rest_route=%2Fwp%2Fv2%2Fmedia&parent=6734"}],"curies":[{"name":"wp","href":"https:\/\/api.w.org\/{rel}","templated":true}]}}