{"id":68,"date":"2021-09-29T17:11:08","date_gmt":"2021-09-29T17:11:08","guid":{"rendered":"https:\/\/educacion.nayarit.gob.mx\/?page_id=68"},"modified":"2023-01-12T10:58:24","modified_gmt":"2023-01-12T17:58:24","slug":"becas-de-apoyo-a-la-practica-intensiva-y-servicio-social","status":"publish","type":"page","link":"https:\/\/educa.nayarit.gob.mx\/?page_id=68","title":{"rendered":"Apoyo a la Pr\u00e1ctica Intensiva y Servicio Social"},"content":{"rendered":"\n\n\n<figure class=\"wp-block-image size-large\"><img loading=\"lazy\" width=\"1024\" height=\"683\" src=\"https:\/\/educacion.nayarit.gob.mx\/wp-content\/uploads\/2023\/01\/apoya_a_la_practica-1024x683.jpg\" alt=\"\" class=\"wp-image-4006\" srcset=\"https:\/\/educa.nayarit.gob.mx\/wp-content\/uploads\/2023\/01\/apoya_a_la_practica-1024x683.jpg 1024w, https:\/\/educa.nayarit.gob.mx\/wp-content\/uploads\/2023\/01\/apoya_a_la_practica-300x200.jpg 300w, https:\/\/educa.nayarit.gob.mx\/wp-content\/uploads\/2023\/01\/apoya_a_la_practica-768x512.jpg 768w, https:\/\/educa.nayarit.gob.mx\/wp-content\/uploads\/2023\/01\/apoya_a_la_practica-1536x1024.jpg 1536w, https:\/\/educa.nayarit.gob.mx\/wp-content\/uploads\/2023\/01\/apoya_a_la_practica-2048x1365.jpg 2048w\" sizes=\"(max-width: 1024px) 100vw, 1024px\" \/><\/figure>\n\n\n\n<h2 class=\"has-text-align-center\"><strong>Listados de los beneficiarios de las Becas de Apoyo a la Pr\u00e1ctica Intensiva y Servicio social que se otorgan a normalistas<\/strong><\/h2>\n\n\n\n<hr class=\"wp-block-separator\"\/>\n\n\n\n<p><strong>Coordinadora de la Unidad Formadora de Docentes en Educaci\u00f3n B\u00e1sica<\/strong><\/p>\n\n\n\n<hr class=\"wp-block-separator\"\/>\n\n\n\n<div class=\"wp-block-columns\">\n<div class=\"wp-block-column\">\n<div class=\"wp-block-columns\">\n<div class=\"wp-block-column\">\n<p><strong>2015<\/strong><\/p>\n<\/div>\n\n\n\n<div class=\"wp-block-column\">\n<p><a href=\"https:\/\/educacion.nayarit.gob.mx\/archivos\/LISTADOS_BECAS\/SEXTO_2015.pdf\" target=\"_blank\" rel=\"noreferrer noopener\">SEXTO SEMESTRE<\/a><\/p>\n<\/div>\n<\/div>\n<\/div>\n\n\n\n<div class=\"wp-block-column\">\n<div class=\"wp-block-columns\">\n<div class=\"wp-block-column\">\n<p><a href=\"https:\/\/educacion.nayarit.gob.mx\/archivos\/LISTADOS_BECAS\/SEPTIMO_2015.pdf\" target=\"_blank\" rel=\"noreferrer noopener\">S\u00c9PTIMO SEMESTRE<\/a><\/p>\n<\/div>\n\n\n\n<div class=\"wp-block-column\">\n<p><a href=\"https:\/\/educacion.nayarit.gob.mx\/archivos\/LISTADOS_BECAS\/OCTAVO_2015.pdf\" target=\"_blank\" rel=\"noreferrer noopener\">OCTAVO SEMESTRE<\/a><\/p>\n<\/div>\n<\/div>\n<\/div>\n<\/div>\n\n\n\n<div class=\"wp-block-columns\">\n<div class=\"wp-block-column\">\n<div class=\"wp-block-columns\">\n<div class=\"wp-block-column\">\n<p><strong>2016<\/strong><\/p>\n<\/div>\n\n\n\n<div class=\"wp-block-column\">\n<p><a href=\"https:\/\/educacion.nayarit.gob.mx\/archivos\/LISTADOS_BECAS\/SEXTO_2016.pdf\" target=\"_blank\" rel=\"noreferrer noopener\">SEXTO SEMESTRE<\/a><\/p>\n<\/div>\n<\/div>\n<\/div>\n\n\n\n<div class=\"wp-block-column\">\n<div class=\"wp-block-columns\">\n<div class=\"wp-block-column\">\n<p><a href=\"https:\/\/educacion.nayarit.gob.mx\/archivos\/LISTADOS_BECAS\/SEPTIMO_2016.pdf\" target=\"_blank\" rel=\"noreferrer noopener\">S\u00c9PTIMO SEMESTRE<\/a><\/p>\n<\/div>\n\n\n\n<div class=\"wp-block-column\">\n<p><a href=\"https:\/\/educacion.nayarit.gob.mx\/archivos\/LISTADOS_BECAS\/OCTAVO_2016.pdf\" target=\"_blank\" rel=\"noreferrer noopener\">OCTAVO SEMESTRE<\/a><\/p>\n<\/div>\n<\/div>\n<\/div>\n<\/div>\n\n\n\n<div class=\"wp-block-columns\">\n<div class=\"wp-block-column\">\n<div class=\"wp-block-columns\">\n<div class=\"wp-block-column\">\n<p><strong>2017<\/strong><\/p>\n<\/div>\n\n\n\n<div class=\"wp-block-column\">\n<p><a href=\"https:\/\/educacion.nayarit.gob.mx\/archivos\/LISTADOS_BECAS\/SEXTO_2017.pdf\" target=\"_blank\" rel=\"noreferrer noopener\">SEXTO SEMESTRE<\/a><\/p>\n<\/div>\n<\/div>\n<\/div>\n\n\n\n<div class=\"wp-block-column\">\n<div class=\"wp-block-columns\">\n<div class=\"wp-block-column\">\n<p><a href=\"https:\/\/educacion.nayarit.gob.mx\/archivos\/LISTADOS_BECAS\/SEPTIMO_2017.pdf\" target=\"_blank\" rel=\"noreferrer noopener\">S\u00c9PTIMO SEMESTRE<\/a><\/p>\n<\/div>\n\n\n\n<div class=\"wp-block-column\">\n<p><a href=\"https:\/\/educacion.nayarit.gob.mx\/archivos\/LISTADOS_BECAS\/OCTAVO_2017.pdf\" target=\"_blank\" rel=\"noreferrer noopener\">OCTAVO SEMESTRE<\/a><\/p>\n<\/div>\n<\/div>\n<\/div>\n<\/div>\n\n\n\n<p><\/p>\n","protected":false},"excerpt":{"rendered":"<p>Listados de los beneficiarios de las Becas de Apoyo a la Pr\u00e1ctica Intensiva y Servicio social que se otorgan a normalistas Coordinadora de la Unidad Formadora de Docentes en Educaci\u00f3n B\u00e1sica 2015 SEXTO SEMESTRE S\u00c9PTIMO SEMESTRE OCTAVO SEMESTRE 2016 SEXTO SEMESTRE S\u00c9PTIMO SEMESTRE OCTAVO SEMESTRE 2017 SEXTO SEMESTRE S\u00c9PTIMO SEMESTRE OCTAVO SEMESTRE<\/p>\n","protected":false},"author":1,"featured_media":0,"parent":0,"menu_order":0,"comment_status":"closed","ping_status":"closed","template":"","meta":[],"_links":{"self":[{"href":"https:\/\/educa.nayarit.gob.mx\/index.php?rest_route=\/wp\/v2\/pages\/68"}],"collection":[{"href":"https:\/\/educa.nayarit.gob.mx\/index.php?rest_route=\/wp\/v2\/pages"}],"about":[{"href":"https:\/\/educa.nayarit.gob.mx\/index.php?rest_route=\/wp\/v2\/types\/page"}],"author":[{"embeddable":true,"href":"https:\/\/educa.nayarit.gob.mx\/index.php?rest_route=\/wp\/v2\/users\/1"}],"replies":[{"embeddable":true,"href":"https:\/\/educa.nayarit.gob.mx\/index.php?rest_route=%2Fwp%2Fv2%2Fcomments&post=68"}],"version-history":[{"count":1,"href":"https:\/\/educa.nayarit.gob.mx\/index.php?rest_route=\/wp\/v2\/pages\/68\/revisions"}],"predecessor-version":[{"id":4008,"href":"https:\/\/educa.nayarit.gob.mx\/index.php?rest_route=\/wp\/v2\/pages\/68\/revisions\/4008"}],"wp:attachment":[{"href":"https:\/\/educa.nayarit.gob.mx\/index.php?rest_route=%2Fwp%2Fv2%2Fmedia&parent=68"}],"curies":[{"name":"wp","href":"https:\/\/api.w.org\/{rel}","templated":true}]}}